{"id":10911,"date":"2022-12-07T01:29:04","date_gmt":"2022-12-07T01:29:04","guid":{"rendered":"https:\/\/eduma.thimpress.com\/demo-grad-school\/?page_id=10911"},"modified":"2025-09-26T17:55:48","modified_gmt":"2025-09-26T15:55:48","slug":"nos-formations","status":"publish","type":"page","link":"https:\/\/africaiim-businessschool.com\/index.php\/nos-formations\/","title":{"rendered":"Nos Formations"},"content":{"rendered":"\t\t<div data-elementor-type=\"wp-page\" data-elementor-id=\"10911\" class=\"elementor elementor-10911\">\n\t\t\t\t<div class=\"elementor-element elementor-element-a83c08c e-flex e-con-boxed e-con e-parent\" data-id=\"a83c08c\" data-element_type=\"container\">\n\t\t\t\t\t<div class=\"e-con-inner\">\n\t\t<div class=\"elementor-element elementor-element-bca1dc6 e-con-full e-flex e-con e-child\" data-id=\"bca1dc6\" data-element_type=\"container\">\n\t\t\t\t<div class=\"elementor-element elementor-element-5f5d689 elementor-widget thim-ekits-heading elementor-widget-thim-heading\" data-id=\"5f5d689\" data-element_type=\"widget\" data-widget_type=\"thim-heading.default\">\n\t\t\t\t<div class=\"elementor-widget-container\">\n\t\t\t\t\t<div class=\"sc_heading\"><p class=\"title\">Chez AFRICAIIM Business School, nous nous engageons \u00e0 offrir un enseignement de haut niveau, fond\u00e9 sur des standards internationaux et des pratiques p\u00e9dagogiques innovantes. Notre objectif : former des dipl\u00f4m\u00e9s imm\u00e9diatement op\u00e9rationnels, capables d'\u00e9voluer dans des environnements complexes. La rigueur acad\u00e9mique constitue le pilier de notre approche, o\u00f9 chaque cours, projet et \u00e9valuation est con\u00e7u pour exiger discipline, m\u00e9thode et r\u00e9gularit\u00e9. Nos formations int\u00e8grent les standards du professionnalisme attendus en entreprise pour faire de vous un ambassadeur de l'excellence. <\/p><\/div>\t\t\t\t<\/div>\n\t\t\t\t<\/div>\n\t\t\t\t<div class=\"elementor-element elementor-element-031fe3c iconbox--mobiletext-left iconbox-text-left elementor-widget elementor-widget-thim-icon-box\" data-id=\"031fe3c\" data-element_type=\"widget\" data-widget_type=\"thim-icon-box.default\">\n\t\t\t\t<div class=\"elementor-widget-container\">\n\t\t\t\t\t<div class=\"thim-widget-icon-box\"><div class=\"wrapper-box-icon has_custom_image text-left \"><div class=\"smicon-box iconbox-left\"><div class=\"boxes-icon\"><a class=\"icon-box-link\" href=\"https:\/\/eduma.thimpress.com\/academics-detail\/\" target=\"_blank\" rel=\"nofollow\"><span class=\"inner-icon\"><span class=\"icon icon-images\"><img fetchpriority=\"high\" decoding=\"async\" src=\"https:\/\/africaiim-businessschool.com\/wp-content\/uploads\/2025\/09\/Gemini_Generated_Image_dokliydokliydokl-e1758899603902.png\" alt=\"Gemini_Generated_Image_dokliydokliydokl\"  width=\"500\" height=\"333\"><\/span><\/span><\/a><\/div><div class=\"content-inner\"><div class=\"sc-heading\"><h3 class=\"heading__primary\"><a class=\"icon-box-link\" href=\"https:\/\/eduma.thimpress.com\/academics-detail\/\" target=\"_blank\" rel=\"nofollow\">Nos Bachelors (Licence)<\/a><\/h3><\/div><div class=\"desc-icon-box\"><div class=\"desc-content\">Nos programmes de Bachelor sont con\u00e7us pour une professionnalisation imm\u00e9diate et une int\u00e9gration rapide sur le march\u00e9 du travail. Que vous choisissiez la fili\u00e8re Banque & Assurance ou Comptabilit\u00e9 & Gestion, vous obtiendrez une qualification solide, reconnue et parfaitement adapt\u00e9e aux besoins des entreprises.<\/div><a class=\"smicon-read sc-btn\" href=\"https:\/\/eduma.thimpress.com\/academics-detail\/\" target=\"_blank\" rel=\"nofollow\">Voir les Bachelors <i class=\"edu-chevron-right\"><\/i><\/a><\/div><\/div><\/div><\/div><\/div>\t\t\t\t<\/div>\n\t\t\t\t<\/div>\n\t\t\t\t<div class=\"elementor-element elementor-element-6025147 iconbox--mobiletext-left iconbox-text-left elementor-widget elementor-widget-thim-icon-box\" data-id=\"6025147\" data-element_type=\"widget\" data-widget_type=\"thim-icon-box.default\">\n\t\t\t\t<div class=\"elementor-widget-container\">\n\t\t\t\t\t<div class=\"thim-widget-icon-box\"><div class=\"wrapper-box-icon has_custom_image text-left \"><div class=\"smicon-box iconbox-left\"><div class=\"boxes-icon\"><a class=\"icon-box-link\" href=\"https:\/\/eduma.thimpress.com\/academics-detail\/\" target=\"_blank\" rel=\"nofollow\"><span class=\"inner-icon\"><span class=\"icon icon-images\"><img decoding=\"async\" src=\"https:\/\/africaiim-businessschool.com\/wp-content\/uploads\/2025\/09\/Gemini_Generated_Image_e8c3y6e8c3y6e8c3.png\" alt=\"Gemini_Generated_Image_e8c3y6e8c3y6e8c3\"  width=\"1248\" height=\"832\"><\/span><\/span><\/a><\/div><div class=\"content-inner\"><div class=\"sc-heading\"><h3 class=\"heading__primary\"><a class=\"icon-box-link\" href=\"https:\/\/eduma.thimpress.com\/academics-detail\/\" target=\"_blank\" rel=\"nofollow\">Nos Masters<\/a><\/h3><\/div><div class=\"desc-icon-box\"><div class=\"desc-content\">Franchissez une nouvelle \u00e9tape dans votre carri\u00e8re avec nos Masters sp\u00e9cialis\u00e9s. Couvrant des domaines de pointe comme la Cybers\u00e9curit\u00e9, le Management Strat\u00e9gique, la Transformation Digitale et la Supply Chain, chaque programme est con\u00e7u pour faire de vous un expert reconnu et un manager agile dans votre secteur.<\/div><a class=\"smicon-read sc-btn\" href=\"https:\/\/eduma.thimpress.com\/academics-detail\/\" target=\"_blank\" rel=\"nofollow\">Voir les Masters <i class=\"edu-chevron-right\"><\/i><\/a><\/div><\/div><\/div><\/div><\/div>\t\t\t\t<\/div>\n\t\t\t\t<\/div>\n\t\t\t\t<div class=\"elementor-element elementor-element-5bf6fc7 iconbox--mobiletext-left iconbox-text-left elementor-widget elementor-widget-thim-icon-box\" data-id=\"5bf6fc7\" data-element_type=\"widget\" data-widget_type=\"thim-icon-box.default\">\n\t\t\t\t<div class=\"elementor-widget-container\">\n\t\t\t\t\t<div class=\"thim-widget-icon-box\"><div class=\"wrapper-box-icon has_custom_image text-left \"><div class=\"smicon-box iconbox-left\"><div class=\"boxes-icon\"><a class=\"icon-box-link\" href=\"https:\/\/eduma.thimpress.com\/academics-detail\/\" target=\"_blank\" rel=\"nofollow\"><span class=\"inner-icon\"><span class=\"icon icon-images\"><img decoding=\"async\" src=\"https:\/\/africaiim-businessschool.com\/wp-content\/uploads\/2025\/09\/Gemini_Generated_Image_niud52niud52niud-e1758901664198.png\" alt=\"Gemini_Generated_Image_niud52niud52niud\"  width=\"500\" height=\"500\"><\/span><\/span><\/a><\/div><div class=\"content-inner\"><div class=\"sc-heading\"><h3 class=\"heading__primary\"><a class=\"icon-box-link\" href=\"https:\/\/eduma.thimpress.com\/academics-detail\/\" target=\"_blank\" rel=\"nofollow\">MBA pour Cadres et Dirigeants<\/a><\/h3><\/div><div class=\"desc-icon-box\"><div class=\"desc-content\">Notre Master of Business Administration est un acc\u00e9l\u00e9rateur de carri\u00e8re destin\u00e9 aux cadres et dirigeants exp\u00e9riment\u00e9s. Il est con\u00e7u pour renforcer vos comp\u00e9tences en leadership, d\u00e9velopper votre vision strat\u00e9gique et vous ouvrir les portes des plus hautes responsabilit\u00e9s \u00e0 l'\u00e9chelle internationale.<\/div><a class=\"smicon-read sc-btn\" href=\"https:\/\/eduma.thimpress.com\/academics-detail\/\" target=\"_blank\" rel=\"nofollow\">D\u00e9couvrir le MBA <i class=\"edu-chevron-right\"><\/i><\/a><\/div><\/div><\/div><\/div><\/div>\t\t\t\t<\/div>\n\t\t\t\t<\/div>\n\t\t\t\t<div class=\"elementor-element elementor-element-6c9b1ca iconbox--mobiletext-left iconbox-text-left elementor-widget elementor-widget-thim-icon-box\" data-id=\"6c9b1ca\" data-element_type=\"widget\" data-widget_type=\"thim-icon-box.default\">\n\t\t\t\t<div class=\"elementor-widget-container\">\n\t\t\t\t\t<div class=\"thim-widget-icon-box\"><div class=\"wrapper-box-icon has_custom_image text-left \"><div class=\"smicon-box iconbox-left\"><div class=\"boxes-icon\"><a class=\"icon-box-link\" href=\"https:\/\/eduma.thimpress.com\/academics-detail\/\" target=\"_blank\" rel=\"nofollow\"><span class=\"inner-icon\"><span class=\"icon icon-images\"><img loading=\"lazy\" decoding=\"async\" src=\"https:\/\/africaiim-businessschool.com\/wp-content\/uploads\/2025\/09\/Gemini_Generated_Image_i4b9d6i4b9d6i4b9-e1758902045396.png\" alt=\"Gemini_Generated_Image_i4b9d6i4b9d6i4b9\"  width=\"500\" height=\"500\"><\/span><\/span><\/a><\/div><div class=\"content-inner\"><div class=\"sc-heading\"><h3 class=\"heading__primary\"><a class=\"icon-box-link\" href=\"https:\/\/eduma.thimpress.com\/academics-detail\/\" target=\"_blank\" rel=\"nofollow\">MPA (Master of Public Administration)<\/a><\/h3><\/div><div class=\"desc-icon-box\"><div class=\"desc-content\">Ce programme s'adresse sp\u00e9cifiquement aux leaders et futurs dirigeants du secteur public et des organisations internationales. Il apporte les comp\u00e9tences de pointe n\u00e9cessaires pour piloter la modernisation des administrations, g\u00e9rer des projets complexes \u00e0 fort impact et r\u00e9pondre aux grands enjeux soci\u00e9taux du continent.<\/div><a class=\"smicon-read sc-btn\" href=\"https:\/\/eduma.thimpress.com\/academics-detail\/\" target=\"_blank\" rel=\"nofollow\">D\u00e9couvrir le MPA <i class=\"edu-chevron-right\"><\/i><\/a><\/div><\/div><\/div><\/div><\/div>\t\t\t\t<\/div>\n\t\t\t\t<\/div>\n\t\t\t\t<div class=\"elementor-element elementor-element-942bd74 iconbox--mobiletext-left iconbox-text-left elementor-widget elementor-widget-thim-icon-box\" data-id=\"942bd74\" data-element_type=\"widget\" data-widget_type=\"thim-icon-box.default\">\n\t\t\t\t<div class=\"elementor-widget-container\">\n\t\t\t\t\t<div class=\"thim-widget-icon-box\"><div class=\"wrapper-box-icon has_custom_image text-left \"><div class=\"smicon-box iconbox-left\"><div class=\"boxes-icon\"><a class=\"icon-box-link\" href=\"https:\/\/eduma.thimpress.com\/academics-detail\/\" target=\"_blank\" rel=\"nofollow\"><span class=\"inner-icon\"><span class=\"icon icon-images\"><img loading=\"lazy\" decoding=\"async\" src=\"https:\/\/africaiim-businessschool.com\/wp-content\/uploads\/2025\/09\/Gemini_Generated_Image_dvxj6xdvxj6xdvxj-e1758902105767.png\" alt=\"Gemini_Generated_Image_dvxj6xdvxj6xdvxj\"  width=\"500\" height=\"500\"><\/span><\/span><\/a><\/div><div class=\"content-inner\"><div class=\"sc-heading\"><h3 class=\"heading__primary\"><a class=\"icon-box-link\" href=\"https:\/\/eduma.thimpress.com\/academics-detail\/\" target=\"_blank\" rel=\"nofollow\">Doctorat (DBA)<\/a><\/h3><\/div><div class=\"desc-icon-box\"><div class=\"desc-content\">Le Doctorate in Business Administration est le plus haut niveau de formation pour les professionnels. Il est destin\u00e9 \u00e0 ceux qui souhaitent allier une expertise acad\u00e9mique pointue \u00e0 un impact strat\u00e9gique direct, en produisant des recherches applicables aux d\u00e9fis r\u00e9els et complexes des entreprises.<\/div><a class=\"smicon-read sc-btn\" href=\"https:\/\/eduma.thimpress.com\/academics-detail\/\" target=\"_blank\" rel=\"nofollow\">D\u00e9couvrir le DBA <i class=\"edu-chevron-right\"><\/i><\/a><\/div><\/div><\/div><\/div><\/div>\t\t\t\t<\/div>\n\t\t\t\t<\/div>\n\t\t\t\t<\/div>\n\t\t<div class=\"elementor-element elementor-element-59a72d4 e-con-full e-flex e-con e-child\" data-id=\"59a72d4\" data-element_type=\"container\">\n\t\t\t\t<div class=\"elementor-element elementor-element-92eb3ab elementor-widget elementor-widget-thim-ekits-header-info\" data-id=\"92eb3ab\" data-element_type=\"widget\" data-widget_type=\"thim-ekits-header-info.default\">\n\t\t\t\t<div class=\"elementor-widget-container\">\n\t\t\t\t\t\t\t<div class=\"header-info-swapper\">\n\t\t\t<ul class=\"thim-header-info\">\n\t\t\t\t\t\t\t\t\t\t<li>\n\t\t\t\t\t\t\t\t\t\t\t\t\t\t<a href=\"https:\/\/eduma.thimpress.com\/academics-detail\/\">\n\t\t\t\t\t\t\t\t\t\t\t\t\t\t\t\t\n\t\t\t\t\t\t\t\tUndergraduate study\n\t\t\t\t\t\t\t\t\t\t\t\t\t\t\t<\/a>\n\t\t\t\t\t\t\t\t\t\t\t\t<\/li>\n\t\t\t\t\t\t\t\t\t\t\t\t<li>\n\t\t\t\t\t\t\t\t\t\t\t\t\t\t<a href=\"https:\/\/eduma.thimpress.com\/academics-detail\/\">\n\t\t\t\t\t\t\t\t\t\t\t\t\t\t\t\t\n\t\t\t\t\t\t\t\tGraduate & professional study\n\t\t\t\t\t\t\t\t\t\t\t\t\t\t\t<\/a>\n\t\t\t\t\t\t\t\t\t\t\t\t<\/li>\n\t\t\t\t\t\t\t\t\t\t\t\t<li>\n\t\t\t\t\t\t\t\t\t\t\t\t\t\t<a href=\"https:\/\/eduma.thimpress.com\/academics-detail\/\">\n\t\t\t\t\t\t\t\t\t\t\t\t\t\t\t\t\n\t\t\t\t\t\t\t\tDepartments & programs\n\t\t\t\t\t\t\t\t\t\t\t\t\t\t\t<\/a>\n\t\t\t\t\t\t\t\t\t\t\t\t<\/li>\n\t\t\t\t\t\t\t\t\t\t\t\t<li>\n\t\t\t\t\t\t\t\t\t\t\t\t\t\t<a href=\"https:\/\/eduma.thimpress.com\/academics-detail\/\">\n\t\t\t\t\t\t\t\t\t\t\t\t\t\t\t\t\n\t\t\t\t\t\t\t\tGlobal education\n\t\t\t\t\t\t\t\t\t\t\t\t\t\t\t<\/a>\n\t\t\t\t\t\t\t\t\t\t\t\t<\/li>\n\t\t\t\t\t\t\t\t\t\t\t\t<li>\n\t\t\t\t\t\t\t\t\t\t\t\t\t\t<a href=\"https:\/\/eduma.thimpress.com\/academics-detail\/\">\n\t\t\t\t\t\t\t\t\t\t\t\t\t\t\t\t\n\t\t\t\t\t\t\t\tSummer session\n\t\t\t\t\t\t\t\t\t\t\t\t\t\t\t<\/a>\n\t\t\t\t\t\t\t\t\t\t\t\t<\/li>\n\t\t\t\t\t\t\t\t\t\t\t\t<li>\n\t\t\t\t\t\t\t\t\t\t\t\t\t\t<a href=\"https:\/\/eduma.thimpress.com\/academics-detail\/\">\n\t\t\t\t\t\t\t\t\t\t\t\t\t\t\t\t\n\t\t\t\t\t\t\t\tNon-degree offerings\n\t\t\t\t\t\t\t\t\t\t\t\t\t\t\t<\/a>\n\t\t\t\t\t\t\t\t\t\t\t\t<\/li>\n\t\t\t\t\t\t\t\t\t\t\t\t<li>\n\t\t\t\t\t\t\t\t\t\t\t\t\t\t<a href=\"https:\/\/eduma.thimpress.com\/academics-detail\/\">\n\t\t\t\t\t\t\t\t\t\t\t\t\t\t\t\t\n\t\t\t\t\t\t\t\tOnline leadrning\n\t\t\t\t\t\t\t\t\t\t\t\t\t\t\t<\/a>\n\t\t\t\t\t\t\t\t\t\t\t\t<\/li>\n\t\t\t\t\t\t\t\t\t<\/ul>\n\t\t<\/div>\n\t\t\t\t\t\t<\/div>\n\t\t\t\t<\/div>\n\t\t\t\t<\/div>\n\t\t\t\t\t<\/div>\n\t\t\t\t<\/div>\n\t\t\t\t<\/div>\n\t\t","protected":false},"excerpt":{"rendered":"<p>Chez AFRICAIIM Business School, nous nous engageons \u00e0 offrir un enseignement de haut niveau, fond\u00e9 sur des standards internationaux et des pratiques p\u00e9dagogiques innovantes. Notre objectif : former des dipl\u00f4m\u00e9s imm\u00e9diatement op\u00e9rationnels, capables d&rsquo;\u00e9voluer dans des environnements complexes. La rigueur &hellip; <\/p>\n","protected":false},"author":1,"featured_media":0,"parent":0,"menu_order":0,"comment_status":"closed","ping_status":"closed","template":"","meta":{"footnotes":""},"class_list":["post-10911","page","type-page","status-publish","hentry"],"_links":{"self":[{"href":"https:\/\/africaiim-businessschool.com\/index.php\/wp-json\/wp\/v2\/pages\/10911","targetHints":{"allow":["GET"]}}],"collection":[{"href":"https:\/\/africaiim-businessschool.com\/index.php\/wp-json\/wp\/v2\/pages"}],"about":[{"href":"https:\/\/africaiim-businessschool.com\/index.php\/wp-json\/wp\/v2\/types\/page"}],"author":[{"embeddable":true,"href":"https:\/\/africaiim-businessschool.com\/index.php\/wp-json\/wp\/v2\/users\/1"}],"replies":[{"embeddable":true,"href":"https:\/\/africaiim-businessschool.com\/index.php\/wp-json\/wp\/v2\/comments?post=10911"}],"version-history":[{"count":16,"href":"https:\/\/africaiim-businessschool.com\/index.php\/wp-json\/wp\/v2\/pages\/10911\/revisions"}],"predecessor-version":[{"id":12064,"href":"https:\/\/africaiim-businessschool.com\/index.php\/wp-json\/wp\/v2\/pages\/10911\/revisions\/12064"}],"wp:attachment":[{"href":"https:\/\/africaiim-businessschool.com\/index.php\/wp-json\/wp\/v2\/media?parent=10911"}],"curies":[{"name":"wp","href":"https:\/\/api.w.org\/{rel}","templated":true}]}}